{"id":4382,"date":"2026-03-09T16:58:09","date_gmt":"2026-03-09T15:58:09","guid":{"rendered":"https:\/\/bcnprotennisacademy.com\/?post_type=product&#038;p=4382"},"modified":"2026-03-18T10:12:26","modified_gmt":"2026-03-18T09:12:26","slug":"summer-pro-week","status":"publish","type":"product","link":"https:\/\/bcnprotennisacademy.com\/es\/producto\/summer-pro-week\/","title":{"rendered":"Summer Pro Week"},"content":{"rendered":"","protected":false},"excerpt":{"rendered":"<div><b>Summer Tennis Program \u2013 Junio, Julio y Agosto | Barcelona Pro Tennis Academy<\/b><\/div>\n<div>El\u00a0<b>Summer Tennis Program de Barcelona Pro Tennis Academy (BPTA)<\/b>\u00a0ofrece una experiencia de entrenamiento de\u00a0<b>alto nivel<\/b>\u00a0durante los meses de\u00a0<b>junio, julio y agosto<\/b>, basada en el reconocido\u00a0<b>m\u00e9todo espa\u00f1ol de desarrollo de jugadores<\/b>, uno de los sistemas m\u00e1s exitosos del tenis mundial.<\/div>\n<div>El programa se desarrolla\u00a0<b>de Lunes a S\u00e1bado por la ma\u00f1ana<\/b>, con sesiones estructuradas en\u00a0<b>bloques de entrenamiento de ma\u00f1ana y tarde<\/b>, combinando trabajo t\u00e9cnico, t\u00e1ctico, preparaci\u00f3n f\u00edsica espec\u00edfica para tenis y situaciones reales de partido.<\/div>\n<div>Los jugadores entrenan bajo la supervisi\u00f3n de\u00a0<b>entrenadores de alto nivel<\/b>\u00a0en un entorno de rendimiento dise\u00f1ado para mejorar el nivel competitivo y el desarrollo integral del jugador.<\/div>\n<div>Durante el programa, los participantes se entrenan junto a\u00a0<b>jugadores de diferentes nacionalidades<\/b>, creando un ambiente internacional \u00fanico. Esta convivencia deportiva convierte el campus en\u00a0<b>una gran oportunidad para mejorar el nivel de tenis, competir con jugadores de distintos pa\u00edses y vivir una aut\u00e9ntica experiencia internacional de entrenamiento en Barcelona<\/b>.<\/div>\n<div>Barcelona Pro Tennis Academy ofrece un entorno donde los jugadores pueden\u00a0<b>desarrollar su potencial, mejorar su rendimiento y vivir el tenis dentro de una comunidad internacional de alto nivel<\/b>.<\/div>\n","protected":false},"featured_media":4386,"comment_status":"closed","ping_status":"closed","template":"","meta":{"_acf_changed":false,"inline_featured_image":false},"product_brand":[],"product_cat":[43],"product_tag":[],"class_list":{"0":"post-4382","1":"product","2":"type-product","3":"status-publish","4":"has-post-thumbnail","6":"product_cat-uncategorized","8":"first","9":"instock","10":"sold-individually","11":"shipping-taxable","12":"purchasable","13":"product-type-booking"},"booking_location":"","booking_location_type":"","booking_duration":6,"booking_duration_unit":"day","booking_buffer":0,"booking_cost":0,"booking_resources":[4381,4380],"acf":[],"yoast_head":"<!-- This site is optimized with the Yoast SEO plugin v27.4 - https:\/\/yoast.com\/product\/yoast-seo-wordpress\/ -->\n<title>Summer Pro Week - Bcn Pro Tennis Academy<\/title>\n<meta name=\"robots\" content=\"index, follow, max-snippet:-1, max-image-preview:large, max-video-preview:-1\" \/>\n<link rel=\"canonical\" href=\"https:\/\/bcnprotennisacademy.com\/es\/producto\/summer-pro-week\/\" \/>\n<meta property=\"og:locale\" content=\"es_ES\" \/>\n<meta property=\"og:type\" content=\"article\" \/>\n<meta property=\"og:title\" content=\"Summer Pro Week - Bcn Pro Tennis Academy\" \/>\n<meta property=\"og:description\" content=\"Summer Tennis Program \u2013 Junio, Julio y Agosto | Barcelona Pro Tennis Academy El\u00a0Summer Tennis Program de Barcelona Pro Tennis Academy (BPTA)\u00a0ofrece una experiencia de entrenamiento de\u00a0alto nivel\u00a0durante los meses de\u00a0junio, julio y agosto, basada en el reconocido\u00a0m\u00e9todo espa\u00f1ol de desarrollo de jugadores, uno de los sistemas m\u00e1s exitosos del tenis mundial. El programa se desarrolla\u00a0de Lunes a S\u00e1bado por la ma\u00f1ana, con sesiones estructuradas en\u00a0bloques de entrenamiento de ma\u00f1ana y tarde, combinando trabajo t\u00e9cnico, t\u00e1ctico, preparaci\u00f3n f\u00edsica espec\u00edfica para tenis y situaciones reales de partido. Los jugadores entrenan bajo la supervisi\u00f3n de\u00a0entrenadores de alto nivel\u00a0en un entorno de rendimiento dise\u00f1ado para mejorar el nivel competitivo y el desarrollo integral del jugador. Durante el programa, los participantes se entrenan junto a\u00a0jugadores de diferentes nacionalidades, creando un ambiente internacional \u00fanico. Esta convivencia deportiva convierte el campus en\u00a0una gran oportunidad para mejorar el nivel de tenis, competir con jugadores de distintos pa\u00edses y vivir una aut\u00e9ntica experiencia internacional de entrenamiento en Barcelona. Barcelona Pro Tennis Academy ofrece un entorno donde los jugadores pueden\u00a0desarrollar su potencial, mejorar su rendimiento y vivir el tenis dentro de una comunidad internacional de alto nivel.\" \/>\n<meta property=\"og:url\" content=\"https:\/\/bcnprotennisacademy.com\/es\/producto\/summer-pro-week\/\" \/>\n<meta property=\"og:site_name\" content=\"Bcn Pro Tennis Academy\" \/>\n<meta property=\"article:modified_time\" content=\"2026-03-18T09:12:26+00:00\" \/>\n<meta property=\"og:image\" content=\"https:\/\/bcnprotennisacademy.com\/wp-content\/uploads\/2026\/03\/junior-summer-scaled.jpg\" \/>\n\t<meta property=\"og:image:width\" content=\"2560\" \/>\n\t<meta property=\"og:image:height\" content=\"1707\" \/>\n\t<meta property=\"og:image:type\" content=\"image\/jpeg\" \/>\n<meta name=\"twitter:card\" content=\"summary_large_image\" \/>\n<meta name=\"twitter:label1\" content=\"Tiempo de lectura\" \/>\n\t<meta name=\"twitter:data1\" content=\"1 minuto\" \/>\n<script type=\"application\/ld+json\" class=\"yoast-schema-graph\">{\"@context\":\"https:\\\/\\\/schema.org\",\"@graph\":[{\"@type\":\"WebPage\",\"@id\":\"https:\\\/\\\/bcnprotennisacademy.com\\\/es\\\/producto\\\/summer-pro-week\\\/\",\"url\":\"https:\\\/\\\/bcnprotennisacademy.com\\\/es\\\/producto\\\/summer-pro-week\\\/\",\"name\":\"Summer Pro Week - Bcn Pro Tennis Academy\",\"isPartOf\":{\"@id\":\"https:\\\/\\\/bcnprotennisacademy.com\\\/es\\\/#website\"},\"primaryImageOfPage\":{\"@id\":\"https:\\\/\\\/bcnprotennisacademy.com\\\/es\\\/producto\\\/summer-pro-week\\\/#primaryimage\"},\"image\":{\"@id\":\"https:\\\/\\\/bcnprotennisacademy.com\\\/es\\\/producto\\\/summer-pro-week\\\/#primaryimage\"},\"thumbnailUrl\":\"https:\\\/\\\/bcnprotennisacademy.com\\\/wp-content\\\/uploads\\\/2026\\\/03\\\/junior-summer-scaled.jpg\",\"datePublished\":\"2026-03-09T15:58:09+00:00\",\"dateModified\":\"2026-03-18T09:12:26+00:00\",\"breadcrumb\":{\"@id\":\"https:\\\/\\\/bcnprotennisacademy.com\\\/es\\\/producto\\\/summer-pro-week\\\/#breadcrumb\"},\"inLanguage\":\"es\",\"potentialAction\":[{\"@type\":\"ReadAction\",\"target\":[\"https:\\\/\\\/bcnprotennisacademy.com\\\/es\\\/producto\\\/summer-pro-week\\\/\"]}]},{\"@type\":\"ImageObject\",\"inLanguage\":\"es\",\"@id\":\"https:\\\/\\\/bcnprotennisacademy.com\\\/es\\\/producto\\\/summer-pro-week\\\/#primaryimage\",\"url\":\"https:\\\/\\\/bcnprotennisacademy.com\\\/wp-content\\\/uploads\\\/2026\\\/03\\\/junior-summer-scaled.jpg\",\"contentUrl\":\"https:\\\/\\\/bcnprotennisacademy.com\\\/wp-content\\\/uploads\\\/2026\\\/03\\\/junior-summer-scaled.jpg\",\"width\":2560,\"height\":1707},{\"@type\":\"BreadcrumbList\",\"@id\":\"https:\\\/\\\/bcnprotennisacademy.com\\\/es\\\/producto\\\/summer-pro-week\\\/#breadcrumb\",\"itemListElement\":[{\"@type\":\"ListItem\",\"position\":1,\"name\":\"Portada\",\"item\":\"https:\\\/\\\/bcnprotennisacademy.com\\\/es\\\/inicio\\\/\"},{\"@type\":\"ListItem\",\"position\":2,\"name\":\"Shop\",\"item\":\"https:\\\/\\\/bcnprotennisacademy.com\\\/shop\\\/\"},{\"@type\":\"ListItem\",\"position\":3,\"name\":\"Summer Pro Week\"}]},{\"@type\":\"WebSite\",\"@id\":\"https:\\\/\\\/bcnprotennisacademy.com\\\/es\\\/#website\",\"url\":\"https:\\\/\\\/bcnprotennisacademy.com\\\/es\\\/\",\"name\":\"Bcn Pro Tennis Academy\",\"description\":\"\u00a1El primer gran campus de la nueva academia ya est\u00e1 aqu\u00ed!\",\"publisher\":{\"@id\":\"https:\\\/\\\/bcnprotennisacademy.com\\\/es\\\/#organization\"},\"potentialAction\":[{\"@type\":\"SearchAction\",\"target\":{\"@type\":\"EntryPoint\",\"urlTemplate\":\"https:\\\/\\\/bcnprotennisacademy.com\\\/es\\\/?s={search_term_string}\"},\"query-input\":{\"@type\":\"PropertyValueSpecification\",\"valueRequired\":true,\"valueName\":\"search_term_string\"}}],\"inLanguage\":\"es\"},{\"@type\":\"Organization\",\"@id\":\"https:\\\/\\\/bcnprotennisacademy.com\\\/es\\\/#organization\",\"name\":\"Bcn Pro Tennis Academy\",\"url\":\"https:\\\/\\\/bcnprotennisacademy.com\\\/es\\\/\",\"logo\":{\"@type\":\"ImageObject\",\"inLanguage\":\"es\",\"@id\":\"https:\\\/\\\/bcnprotennisacademy.com\\\/es\\\/#\\\/schema\\\/logo\\\/image\\\/\",\"url\":\"https:\\\/\\\/bcnprotennisacademy.com\\\/wp-content\\\/uploads\\\/2021\\\/10\\\/Logo.svg\",\"contentUrl\":\"https:\\\/\\\/bcnprotennisacademy.com\\\/wp-content\\\/uploads\\\/2021\\\/10\\\/Logo.svg\",\"width\":197,\"height\":48,\"caption\":\"Bcn Pro Tennis Academy\"},\"image\":{\"@id\":\"https:\\\/\\\/bcnprotennisacademy.com\\\/es\\\/#\\\/schema\\\/logo\\\/image\\\/\"}}]}<\/script>\n<!-- \/ Yoast SEO plugin. -->","yoast_head_json":{"title":"Summer Pro Week - Bcn Pro Tennis Academy","robots":{"index":"index","follow":"follow","max-snippet":"max-snippet:-1","max-image-preview":"max-image-preview:large","max-video-preview":"max-video-preview:-1"},"canonical":"https:\/\/bcnprotennisacademy.com\/es\/producto\/summer-pro-week\/","og_locale":"es_ES","og_type":"article","og_title":"Summer Pro Week - Bcn Pro Tennis Academy","og_description":"Summer Tennis Program \u2013 Junio, Julio y Agosto | Barcelona Pro Tennis Academy El\u00a0Summer Tennis Program de Barcelona Pro Tennis Academy (BPTA)\u00a0ofrece una experiencia de entrenamiento de\u00a0alto nivel\u00a0durante los meses de\u00a0junio, julio y agosto, basada en el reconocido\u00a0m\u00e9todo espa\u00f1ol de desarrollo de jugadores, uno de los sistemas m\u00e1s exitosos del tenis mundial. El programa se desarrolla\u00a0de Lunes a S\u00e1bado por la ma\u00f1ana, con sesiones estructuradas en\u00a0bloques de entrenamiento de ma\u00f1ana y tarde, combinando trabajo t\u00e9cnico, t\u00e1ctico, preparaci\u00f3n f\u00edsica espec\u00edfica para tenis y situaciones reales de partido. Los jugadores entrenan bajo la supervisi\u00f3n de\u00a0entrenadores de alto nivel\u00a0en un entorno de rendimiento dise\u00f1ado para mejorar el nivel competitivo y el desarrollo integral del jugador. Durante el programa, los participantes se entrenan junto a\u00a0jugadores de diferentes nacionalidades, creando un ambiente internacional \u00fanico. Esta convivencia deportiva convierte el campus en\u00a0una gran oportunidad para mejorar el nivel de tenis, competir con jugadores de distintos pa\u00edses y vivir una aut\u00e9ntica experiencia internacional de entrenamiento en Barcelona. Barcelona Pro Tennis Academy ofrece un entorno donde los jugadores pueden\u00a0desarrollar su potencial, mejorar su rendimiento y vivir el tenis dentro de una comunidad internacional de alto nivel.","og_url":"https:\/\/bcnprotennisacademy.com\/es\/producto\/summer-pro-week\/","og_site_name":"Bcn Pro Tennis Academy","article_modified_time":"2026-03-18T09:12:26+00:00","og_image":[{"width":2560,"height":1707,"url":"https:\/\/bcnprotennisacademy.com\/wp-content\/uploads\/2026\/03\/junior-summer-scaled.jpg","type":"image\/jpeg"}],"twitter_card":"summary_large_image","twitter_misc":{"Tiempo de lectura":"1 minuto"},"schema":{"@context":"https:\/\/schema.org","@graph":[{"@type":"WebPage","@id":"https:\/\/bcnprotennisacademy.com\/es\/producto\/summer-pro-week\/","url":"https:\/\/bcnprotennisacademy.com\/es\/producto\/summer-pro-week\/","name":"Summer Pro Week - Bcn Pro Tennis Academy","isPartOf":{"@id":"https:\/\/bcnprotennisacademy.com\/es\/#website"},"primaryImageOfPage":{"@id":"https:\/\/bcnprotennisacademy.com\/es\/producto\/summer-pro-week\/#primaryimage"},"image":{"@id":"https:\/\/bcnprotennisacademy.com\/es\/producto\/summer-pro-week\/#primaryimage"},"thumbnailUrl":"https:\/\/bcnprotennisacademy.com\/wp-content\/uploads\/2026\/03\/junior-summer-scaled.jpg","datePublished":"2026-03-09T15:58:09+00:00","dateModified":"2026-03-18T09:12:26+00:00","breadcrumb":{"@id":"https:\/\/bcnprotennisacademy.com\/es\/producto\/summer-pro-week\/#breadcrumb"},"inLanguage":"es","potentialAction":[{"@type":"ReadAction","target":["https:\/\/bcnprotennisacademy.com\/es\/producto\/summer-pro-week\/"]}]},{"@type":"ImageObject","inLanguage":"es","@id":"https:\/\/bcnprotennisacademy.com\/es\/producto\/summer-pro-week\/#primaryimage","url":"https:\/\/bcnprotennisacademy.com\/wp-content\/uploads\/2026\/03\/junior-summer-scaled.jpg","contentUrl":"https:\/\/bcnprotennisacademy.com\/wp-content\/uploads\/2026\/03\/junior-summer-scaled.jpg","width":2560,"height":1707},{"@type":"BreadcrumbList","@id":"https:\/\/bcnprotennisacademy.com\/es\/producto\/summer-pro-week\/#breadcrumb","itemListElement":[{"@type":"ListItem","position":1,"name":"Portada","item":"https:\/\/bcnprotennisacademy.com\/es\/inicio\/"},{"@type":"ListItem","position":2,"name":"Shop","item":"https:\/\/bcnprotennisacademy.com\/shop\/"},{"@type":"ListItem","position":3,"name":"Summer Pro Week"}]},{"@type":"WebSite","@id":"https:\/\/bcnprotennisacademy.com\/es\/#website","url":"https:\/\/bcnprotennisacademy.com\/es\/","name":"Bcn Pro Tennis Academy","description":"\u00a1El primer gran campus de la nueva academia ya est\u00e1 aqu\u00ed!","publisher":{"@id":"https:\/\/bcnprotennisacademy.com\/es\/#organization"},"potentialAction":[{"@type":"SearchAction","target":{"@type":"EntryPoint","urlTemplate":"https:\/\/bcnprotennisacademy.com\/es\/?s={search_term_string}"},"query-input":{"@type":"PropertyValueSpecification","valueRequired":true,"valueName":"search_term_string"}}],"inLanguage":"es"},{"@type":"Organization","@id":"https:\/\/bcnprotennisacademy.com\/es\/#organization","name":"Bcn Pro Tennis Academy","url":"https:\/\/bcnprotennisacademy.com\/es\/","logo":{"@type":"ImageObject","inLanguage":"es","@id":"https:\/\/bcnprotennisacademy.com\/es\/#\/schema\/logo\/image\/","url":"https:\/\/bcnprotennisacademy.com\/wp-content\/uploads\/2021\/10\/Logo.svg","contentUrl":"https:\/\/bcnprotennisacademy.com\/wp-content\/uploads\/2021\/10\/Logo.svg","width":197,"height":48,"caption":"Bcn Pro Tennis Academy"},"image":{"@id":"https:\/\/bcnprotennisacademy.com\/es\/#\/schema\/logo\/image\/"}}]}},"_links":{"self":[{"href":"https:\/\/bcnprotennisacademy.com\/es\/wp-json\/wp\/v2\/product\/4382","targetHints":{"allow":["GET"]}}],"collection":[{"href":"https:\/\/bcnprotennisacademy.com\/es\/wp-json\/wp\/v2\/product"}],"about":[{"href":"https:\/\/bcnprotennisacademy.com\/es\/wp-json\/wp\/v2\/types\/product"}],"replies":[{"embeddable":true,"href":"https:\/\/bcnprotennisacademy.com\/es\/wp-json\/wp\/v2\/comments?post=4382"}],"wp:featuredmedia":[{"embeddable":true,"href":"https:\/\/bcnprotennisacademy.com\/es\/wp-json\/wp\/v2\/media\/4386"}],"wp:attachment":[{"href":"https:\/\/bcnprotennisacademy.com\/es\/wp-json\/wp\/v2\/media?parent=4382"}],"wp:term":[{"taxonomy":"product_brand","embeddable":true,"href":"https:\/\/bcnprotennisacademy.com\/es\/wp-json\/wp\/v2\/product_brand?post=4382"},{"taxonomy":"product_cat","embeddable":true,"href":"https:\/\/bcnprotennisacademy.com\/es\/wp-json\/wp\/v2\/product_cat?post=4382"},{"taxonomy":"product_tag","embeddable":true,"href":"https:\/\/bcnprotennisacademy.com\/es\/wp-json\/wp\/v2\/product_tag?post=4382"}],"curies":[{"name":"wp","href":"https:\/\/api.w.org\/{rel}","templated":true}]}}