{"id":4379,"date":"2026-03-09T16:49:58","date_gmt":"2026-03-09T15:49:58","guid":{"rendered":"https:\/\/bcnprotennisacademy.com\/?post_type=product&#038;p=4379"},"modified":"2026-03-18T10:10:16","modified_gmt":"2026-03-18T09:10:16","slug":"pro-week","status":"publish","type":"product","link":"https:\/\/bcnprotennisacademy.com\/es\/producto\/pro-week\/","title":{"rendered":"Pro Week"},"content":{"rendered":"","protected":false},"excerpt":{"rendered":"<div><b>Programa Semanal de Tenis \u2013 Barcelona Pro Tennis Academy<\/b><\/div>\n<div>El\u00a0<b>Programa Semanal de Tenis de Barcelona Pro Tennis Academy (BPTA)<\/b>\u00a0ofrece una experiencia de entrenamiento de\u00a0<b>alto nivel<\/b>, dise\u00f1ada para jugadores que desean mejorar su rendimiento dentro de un entorno internacional y competitivo.<\/div>\n<div>El programa se desarrolla\u00a0<b>de Lunes a S\u00e1bado por la ma\u00f1ana<\/b>, con sesiones de entrenamiento estructuradas en\u00a0<b>bloques de ma\u00f1ana y tarde<\/b>, donde los jugadores trabajan todos los aspectos del juego: t\u00e9cnica, t\u00e1ctica, preparaci\u00f3n f\u00edsica espec\u00edfica para tenis y situaciones reales de partido.<\/div>\n<div>Los entrenamientos est\u00e1n dirigidos por\u00a0<b>entrenadores especializados<\/b>, siguiendo la metodolog\u00eda del\u00a0<b>sistema espa\u00f1ol de entrenamiento<\/b>, reconocido internacionalmente por su capacidad para desarrollar jugadores completos y competitivos.<\/div>\n<div>Durante la semana, los jugadores se integran en un ambiente deportivo internacional, entrenando con participantes de diferentes pa\u00edses y niveles, lo que genera un entorno din\u00e1mico y motivador para el aprendizaje y la mejora continua.<\/div>\n<div>Barcelona Pro Tennis Academy ofrece as\u00ed una\u00a0<b>experiencia intensiva de tenis en Barcelona<\/b>, combinando entrenamiento de alto nivel, instalaciones de primer nivel y un ambiente internacional orientado al desarrollo del jugador.<\/div>\n","protected":false},"featured_media":4458,"comment_status":"closed","ping_status":"closed","template":"","meta":{"_acf_changed":false,"inline_featured_image":false},"product_brand":[],"product_cat":[43],"product_tag":[],"class_list":{"0":"post-4379","1":"product","2":"type-product","3":"status-publish","4":"has-post-thumbnail","6":"product_cat-uncategorized","8":"first","9":"instock","10":"sold-individually","11":"shipping-taxable","12":"purchasable","13":"product-type-booking"},"booking_location":"","booking_location_type":"","booking_duration":6,"booking_duration_unit":"day","booking_buffer":0,"booking_cost":0,"booking_resources":[4381,4380],"acf":[],"yoast_head":"<!-- This site is optimized with the Yoast SEO plugin v27.4 - https:\/\/yoast.com\/product\/yoast-seo-wordpress\/ -->\n<title>Pro Week - Bcn Pro Tennis Academy<\/title>\n<meta name=\"robots\" content=\"index, follow, max-snippet:-1, max-image-preview:large, max-video-preview:-1\" \/>\n<link rel=\"canonical\" href=\"https:\/\/bcnprotennisacademy.com\/es\/producto\/pro-week\/\" \/>\n<meta property=\"og:locale\" content=\"es_ES\" \/>\n<meta property=\"og:type\" content=\"article\" \/>\n<meta property=\"og:title\" content=\"Pro Week - Bcn Pro Tennis Academy\" \/>\n<meta property=\"og:description\" content=\"Programa Semanal de Tenis \u2013 Barcelona Pro Tennis Academy El\u00a0Programa Semanal de Tenis de Barcelona Pro Tennis Academy (BPTA)\u00a0ofrece una experiencia de entrenamiento de\u00a0alto nivel, dise\u00f1ada para jugadores que desean mejorar su rendimiento dentro de un entorno internacional y competitivo. El programa se desarrolla\u00a0de Lunes a S\u00e1bado por la ma\u00f1ana, con sesiones de entrenamiento estructuradas en\u00a0bloques de ma\u00f1ana y tarde, donde los jugadores trabajan todos los aspectos del juego: t\u00e9cnica, t\u00e1ctica, preparaci\u00f3n f\u00edsica espec\u00edfica para tenis y situaciones reales de partido. Los entrenamientos est\u00e1n dirigidos por\u00a0entrenadores especializados, siguiendo la metodolog\u00eda del\u00a0sistema espa\u00f1ol de entrenamiento, reconocido internacionalmente por su capacidad para desarrollar jugadores completos y competitivos. Durante la semana, los jugadores se integran en un ambiente deportivo internacional, entrenando con participantes de diferentes pa\u00edses y niveles, lo que genera un entorno din\u00e1mico y motivador para el aprendizaje y la mejora continua. Barcelona Pro Tennis Academy ofrece as\u00ed una\u00a0experiencia intensiva de tenis en Barcelona, combinando entrenamiento de alto nivel, instalaciones de primer nivel y un ambiente internacional orientado al desarrollo del jugador.\" \/>\n<meta property=\"og:url\" content=\"https:\/\/bcnprotennisacademy.com\/es\/producto\/pro-week\/\" \/>\n<meta property=\"og:site_name\" content=\"Bcn Pro Tennis Academy\" \/>\n<meta property=\"article:modified_time\" content=\"2026-03-18T09:10:16+00:00\" \/>\n<meta property=\"og:image\" content=\"https:\/\/bcnprotennisacademy.com\/wp-content\/uploads\/2025\/12\/905021a98cc8069df4bb8ad210889ced917bbbe6-scaled.jpg\" \/>\n\t<meta property=\"og:image:width\" content=\"2560\" \/>\n\t<meta property=\"og:image:height\" content=\"1707\" \/>\n\t<meta property=\"og:image:type\" content=\"image\/jpeg\" \/>\n<meta name=\"twitter:card\" content=\"summary_large_image\" \/>\n<meta name=\"twitter:label1\" content=\"Tiempo de lectura\" \/>\n\t<meta name=\"twitter:data1\" content=\"1 minuto\" \/>\n<script type=\"application\/ld+json\" class=\"yoast-schema-graph\">{\"@context\":\"https:\\\/\\\/schema.org\",\"@graph\":[{\"@type\":\"WebPage\",\"@id\":\"https:\\\/\\\/bcnprotennisacademy.com\\\/es\\\/producto\\\/pro-week\\\/\",\"url\":\"https:\\\/\\\/bcnprotennisacademy.com\\\/es\\\/producto\\\/pro-week\\\/\",\"name\":\"Pro Week - Bcn Pro Tennis Academy\",\"isPartOf\":{\"@id\":\"https:\\\/\\\/bcnprotennisacademy.com\\\/es\\\/#website\"},\"primaryImageOfPage\":{\"@id\":\"https:\\\/\\\/bcnprotennisacademy.com\\\/es\\\/producto\\\/pro-week\\\/#primaryimage\"},\"image\":{\"@id\":\"https:\\\/\\\/bcnprotennisacademy.com\\\/es\\\/producto\\\/pro-week\\\/#primaryimage\"},\"thumbnailUrl\":\"https:\\\/\\\/bcnprotennisacademy.com\\\/wp-content\\\/uploads\\\/2025\\\/12\\\/905021a98cc8069df4bb8ad210889ced917bbbe6-scaled.jpg\",\"datePublished\":\"2026-03-09T15:49:58+00:00\",\"dateModified\":\"2026-03-18T09:10:16+00:00\",\"breadcrumb\":{\"@id\":\"https:\\\/\\\/bcnprotennisacademy.com\\\/es\\\/producto\\\/pro-week\\\/#breadcrumb\"},\"inLanguage\":\"es\",\"potentialAction\":[{\"@type\":\"ReadAction\",\"target\":[\"https:\\\/\\\/bcnprotennisacademy.com\\\/es\\\/producto\\\/pro-week\\\/\"]}]},{\"@type\":\"ImageObject\",\"inLanguage\":\"es\",\"@id\":\"https:\\\/\\\/bcnprotennisacademy.com\\\/es\\\/producto\\\/pro-week\\\/#primaryimage\",\"url\":\"https:\\\/\\\/bcnprotennisacademy.com\\\/wp-content\\\/uploads\\\/2025\\\/12\\\/905021a98cc8069df4bb8ad210889ced917bbbe6-scaled.jpg\",\"contentUrl\":\"https:\\\/\\\/bcnprotennisacademy.com\\\/wp-content\\\/uploads\\\/2025\\\/12\\\/905021a98cc8069df4bb8ad210889ced917bbbe6-scaled.jpg\",\"width\":2560,\"height\":1707},{\"@type\":\"BreadcrumbList\",\"@id\":\"https:\\\/\\\/bcnprotennisacademy.com\\\/es\\\/producto\\\/pro-week\\\/#breadcrumb\",\"itemListElement\":[{\"@type\":\"ListItem\",\"position\":1,\"name\":\"Portada\",\"item\":\"https:\\\/\\\/bcnprotennisacademy.com\\\/es\\\/inicio\\\/\"},{\"@type\":\"ListItem\",\"position\":2,\"name\":\"Shop\",\"item\":\"https:\\\/\\\/bcnprotennisacademy.com\\\/shop\\\/\"},{\"@type\":\"ListItem\",\"position\":3,\"name\":\"Pro Week\"}]},{\"@type\":\"WebSite\",\"@id\":\"https:\\\/\\\/bcnprotennisacademy.com\\\/es\\\/#website\",\"url\":\"https:\\\/\\\/bcnprotennisacademy.com\\\/es\\\/\",\"name\":\"Bcn Pro Tennis Academy\",\"description\":\"\u00a1El primer gran campus de la nueva academia ya est\u00e1 aqu\u00ed!\",\"publisher\":{\"@id\":\"https:\\\/\\\/bcnprotennisacademy.com\\\/es\\\/#organization\"},\"potentialAction\":[{\"@type\":\"SearchAction\",\"target\":{\"@type\":\"EntryPoint\",\"urlTemplate\":\"https:\\\/\\\/bcnprotennisacademy.com\\\/es\\\/?s={search_term_string}\"},\"query-input\":{\"@type\":\"PropertyValueSpecification\",\"valueRequired\":true,\"valueName\":\"search_term_string\"}}],\"inLanguage\":\"es\"},{\"@type\":\"Organization\",\"@id\":\"https:\\\/\\\/bcnprotennisacademy.com\\\/es\\\/#organization\",\"name\":\"Bcn Pro Tennis Academy\",\"url\":\"https:\\\/\\\/bcnprotennisacademy.com\\\/es\\\/\",\"logo\":{\"@type\":\"ImageObject\",\"inLanguage\":\"es\",\"@id\":\"https:\\\/\\\/bcnprotennisacademy.com\\\/es\\\/#\\\/schema\\\/logo\\\/image\\\/\",\"url\":\"https:\\\/\\\/bcnprotennisacademy.com\\\/wp-content\\\/uploads\\\/2021\\\/10\\\/Logo.svg\",\"contentUrl\":\"https:\\\/\\\/bcnprotennisacademy.com\\\/wp-content\\\/uploads\\\/2021\\\/10\\\/Logo.svg\",\"width\":197,\"height\":48,\"caption\":\"Bcn Pro Tennis Academy\"},\"image\":{\"@id\":\"https:\\\/\\\/bcnprotennisacademy.com\\\/es\\\/#\\\/schema\\\/logo\\\/image\\\/\"}}]}<\/script>\n<!-- \/ Yoast SEO plugin. -->","yoast_head_json":{"title":"Pro Week - Bcn Pro Tennis Academy","robots":{"index":"index","follow":"follow","max-snippet":"max-snippet:-1","max-image-preview":"max-image-preview:large","max-video-preview":"max-video-preview:-1"},"canonical":"https:\/\/bcnprotennisacademy.com\/es\/producto\/pro-week\/","og_locale":"es_ES","og_type":"article","og_title":"Pro Week - Bcn Pro Tennis Academy","og_description":"Programa Semanal de Tenis \u2013 Barcelona Pro Tennis Academy El\u00a0Programa Semanal de Tenis de Barcelona Pro Tennis Academy (BPTA)\u00a0ofrece una experiencia de entrenamiento de\u00a0alto nivel, dise\u00f1ada para jugadores que desean mejorar su rendimiento dentro de un entorno internacional y competitivo. El programa se desarrolla\u00a0de Lunes a S\u00e1bado por la ma\u00f1ana, con sesiones de entrenamiento estructuradas en\u00a0bloques de ma\u00f1ana y tarde, donde los jugadores trabajan todos los aspectos del juego: t\u00e9cnica, t\u00e1ctica, preparaci\u00f3n f\u00edsica espec\u00edfica para tenis y situaciones reales de partido. Los entrenamientos est\u00e1n dirigidos por\u00a0entrenadores especializados, siguiendo la metodolog\u00eda del\u00a0sistema espa\u00f1ol de entrenamiento, reconocido internacionalmente por su capacidad para desarrollar jugadores completos y competitivos. Durante la semana, los jugadores se integran en un ambiente deportivo internacional, entrenando con participantes de diferentes pa\u00edses y niveles, lo que genera un entorno din\u00e1mico y motivador para el aprendizaje y la mejora continua. Barcelona Pro Tennis Academy ofrece as\u00ed una\u00a0experiencia intensiva de tenis en Barcelona, combinando entrenamiento de alto nivel, instalaciones de primer nivel y un ambiente internacional orientado al desarrollo del jugador.","og_url":"https:\/\/bcnprotennisacademy.com\/es\/producto\/pro-week\/","og_site_name":"Bcn Pro Tennis Academy","article_modified_time":"2026-03-18T09:10:16+00:00","og_image":[{"width":2560,"height":1707,"url":"https:\/\/bcnprotennisacademy.com\/wp-content\/uploads\/2025\/12\/905021a98cc8069df4bb8ad210889ced917bbbe6-scaled.jpg","type":"image\/jpeg"}],"twitter_card":"summary_large_image","twitter_misc":{"Tiempo de lectura":"1 minuto"},"schema":{"@context":"https:\/\/schema.org","@graph":[{"@type":"WebPage","@id":"https:\/\/bcnprotennisacademy.com\/es\/producto\/pro-week\/","url":"https:\/\/bcnprotennisacademy.com\/es\/producto\/pro-week\/","name":"Pro Week - Bcn Pro Tennis Academy","isPartOf":{"@id":"https:\/\/bcnprotennisacademy.com\/es\/#website"},"primaryImageOfPage":{"@id":"https:\/\/bcnprotennisacademy.com\/es\/producto\/pro-week\/#primaryimage"},"image":{"@id":"https:\/\/bcnprotennisacademy.com\/es\/producto\/pro-week\/#primaryimage"},"thumbnailUrl":"https:\/\/bcnprotennisacademy.com\/wp-content\/uploads\/2025\/12\/905021a98cc8069df4bb8ad210889ced917bbbe6-scaled.jpg","datePublished":"2026-03-09T15:49:58+00:00","dateModified":"2026-03-18T09:10:16+00:00","breadcrumb":{"@id":"https:\/\/bcnprotennisacademy.com\/es\/producto\/pro-week\/#breadcrumb"},"inLanguage":"es","potentialAction":[{"@type":"ReadAction","target":["https:\/\/bcnprotennisacademy.com\/es\/producto\/pro-week\/"]}]},{"@type":"ImageObject","inLanguage":"es","@id":"https:\/\/bcnprotennisacademy.com\/es\/producto\/pro-week\/#primaryimage","url":"https:\/\/bcnprotennisacademy.com\/wp-content\/uploads\/2025\/12\/905021a98cc8069df4bb8ad210889ced917bbbe6-scaled.jpg","contentUrl":"https:\/\/bcnprotennisacademy.com\/wp-content\/uploads\/2025\/12\/905021a98cc8069df4bb8ad210889ced917bbbe6-scaled.jpg","width":2560,"height":1707},{"@type":"BreadcrumbList","@id":"https:\/\/bcnprotennisacademy.com\/es\/producto\/pro-week\/#breadcrumb","itemListElement":[{"@type":"ListItem","position":1,"name":"Portada","item":"https:\/\/bcnprotennisacademy.com\/es\/inicio\/"},{"@type":"ListItem","position":2,"name":"Shop","item":"https:\/\/bcnprotennisacademy.com\/shop\/"},{"@type":"ListItem","position":3,"name":"Pro Week"}]},{"@type":"WebSite","@id":"https:\/\/bcnprotennisacademy.com\/es\/#website","url":"https:\/\/bcnprotennisacademy.com\/es\/","name":"Bcn Pro Tennis Academy","description":"\u00a1El primer gran campus de la nueva academia ya est\u00e1 aqu\u00ed!","publisher":{"@id":"https:\/\/bcnprotennisacademy.com\/es\/#organization"},"potentialAction":[{"@type":"SearchAction","target":{"@type":"EntryPoint","urlTemplate":"https:\/\/bcnprotennisacademy.com\/es\/?s={search_term_string}"},"query-input":{"@type":"PropertyValueSpecification","valueRequired":true,"valueName":"search_term_string"}}],"inLanguage":"es"},{"@type":"Organization","@id":"https:\/\/bcnprotennisacademy.com\/es\/#organization","name":"Bcn Pro Tennis Academy","url":"https:\/\/bcnprotennisacademy.com\/es\/","logo":{"@type":"ImageObject","inLanguage":"es","@id":"https:\/\/bcnprotennisacademy.com\/es\/#\/schema\/logo\/image\/","url":"https:\/\/bcnprotennisacademy.com\/wp-content\/uploads\/2021\/10\/Logo.svg","contentUrl":"https:\/\/bcnprotennisacademy.com\/wp-content\/uploads\/2021\/10\/Logo.svg","width":197,"height":48,"caption":"Bcn Pro Tennis Academy"},"image":{"@id":"https:\/\/bcnprotennisacademy.com\/es\/#\/schema\/logo\/image\/"}}]}},"_links":{"self":[{"href":"https:\/\/bcnprotennisacademy.com\/es\/wp-json\/wp\/v2\/product\/4379","targetHints":{"allow":["GET"]}}],"collection":[{"href":"https:\/\/bcnprotennisacademy.com\/es\/wp-json\/wp\/v2\/product"}],"about":[{"href":"https:\/\/bcnprotennisacademy.com\/es\/wp-json\/wp\/v2\/types\/product"}],"replies":[{"embeddable":true,"href":"https:\/\/bcnprotennisacademy.com\/es\/wp-json\/wp\/v2\/comments?post=4379"}],"wp:featuredmedia":[{"embeddable":true,"href":"https:\/\/bcnprotennisacademy.com\/es\/wp-json\/wp\/v2\/media\/4458"}],"wp:attachment":[{"href":"https:\/\/bcnprotennisacademy.com\/es\/wp-json\/wp\/v2\/media?parent=4379"}],"wp:term":[{"taxonomy":"product_brand","embeddable":true,"href":"https:\/\/bcnprotennisacademy.com\/es\/wp-json\/wp\/v2\/product_brand?post=4379"},{"taxonomy":"product_cat","embeddable":true,"href":"https:\/\/bcnprotennisacademy.com\/es\/wp-json\/wp\/v2\/product_cat?post=4379"},{"taxonomy":"product_tag","embeddable":true,"href":"https:\/\/bcnprotennisacademy.com\/es\/wp-json\/wp\/v2\/product_tag?post=4379"}],"curies":[{"name":"wp","href":"https:\/\/api.w.org\/{rel}","templated":true}]}}