{"id":57,"date":"2021-10-16T15:24:59","date_gmt":"2021-10-16T15:24:59","guid":{"rendered":"http:\/\/wwwarcelona-clon.test\/?page_id=57"},"modified":"2025-06-26T17:10:43","modified_gmt":"2025-06-26T15:10:43","slug":"aviso-legal","status":"publish","type":"page","link":"https:\/\/bcnprotennisacademy.com\/es\/aviso-legal\/","title":{"rendered":"Aviso legal"},"content":{"rendered":"\t\t<div data-elementor-type=\"wp-page\" data-elementor-id=\"57\" class=\"elementor elementor-57\" data-elementor-post-type=\"page\">\n\t\t\t\t<div class=\"elementor-element elementor-element-664f328 e-flex e-con-boxed e-con e-parent\" data-id=\"664f328\" data-element_type=\"container\" data-e-type=\"container\">\n\t\t\t\t\t<div class=\"e-con-inner\">\n\t\t\t\t<div class=\"elementor-element elementor-element-39e90d5 elementor-widget elementor-widget-heading\" data-id=\"39e90d5\" data-element_type=\"widget\" data-e-type=\"widget\" data-widget_type=\"heading.default\">\n\t\t\t\t<div class=\"elementor-widget-container\">\n\t\t\t\t\t<h1 class=\"elementor-heading-title elementor-size-default\">AVISO LEGAL<\/h1>\t\t\t\t<\/div>\n\t\t\t\t<\/div>\n\t\t\t\t<div class=\"elementor-element elementor-element-c026941 elementor-widget elementor-widget-text-editor\" data-id=\"c026941\" data-element_type=\"widget\" data-e-type=\"widget\" data-widget_type=\"text-editor.default\">\n\t\t\t\t<div class=\"elementor-widget-container\">\n\t\t\t\t\t\t\t\t\t<p><strong>AVISO LEGAL<\/strong><\/p><p>Este Aviso Legal tiene el objetivo de informarte de tus derechos y obligaciones como usuario de este sitio web. Aqu\u00ed encontrar\u00e1s toda la informaci\u00f3n que necesitas sobre este sitio web, su actividad, los datos personales que recaba y su finalidad, as\u00ed como las normas de uso que regulan el uso de esta web.<\/p><p>En el momento en que accedas a este sitio web <strong><\/strong>, asumes la condici\u00f3n de usuario, por lo que el contenido de este Aviso Legal te afecta directamente. Por eso, es importante que lo leas para disipar cualquier duda que puedas tener y tener conocimiento de causa sobre las condiciones que est\u00e1s aceptando.<\/p><p>Para empezar, debes saber que este sitio web cumple con las normativas vigentes en materia de protecci\u00f3n de datos, con el objetivo de aportarte las garant\u00edas, la seguridad y la transparencia que, como usuario, te corresponden al utilizar esta web.<\/p><ul><li><strong>El RGPD<\/strong> (Reglamento (UE) 2016\/679 del Parlamento Europeo y del Consejo de 27 de abril de 2016 relativo a la protecci\u00f3n de las personas f\u00edsicas), que unifica la regulaci\u00f3n del tratamiento de los datos personales en los distintos pa\u00edses de la UE.<\/li><li><strong>La LOPDGDD<\/strong> (Ley Org\u00e1nica 3\/2018, de 5 de diciembre, de Protecci\u00f3n de Datos Personales y garant\u00eda de los derechos digitales), que regula el tratamiento de los datos personales y las obligaciones que debemos asumir los responsables de una web o un blog al gestionar esta informaci\u00f3n.<\/li><li><strong>La LSSI<\/strong> (Ley 34\/2002, de 11 de julio, de Servicios de la Sociedad de la Informaci\u00f3n y Comercio Electr\u00f3nico), que regula las transacciones econ\u00f3micas mediante medios electr\u00f3nicos.<\/li><\/ul><h3>DATOS DE IDENTIFICACI\u00d3N<\/h3><p>El responsable y titular de este sitio web es <strong><\/strong>:<\/p><ul><li><strong>Nombre:<\/strong> <\/li><li><strong>NIF:<\/strong> <\/li><li><strong>Domicilio Social:<\/strong> <\/li><li><strong>Actividad del sitio web:<\/strong> Distribuci\u00f3n de contenido relacionado con <strong><\/strong>, muestra de publicidad, y recomendaci\u00f3n de productos de afiliado.<\/li><li><strong>Correo electr\u00f3nico:<\/strong> <\/li><\/ul><p>Los datos que nos facilites con tu consentimiento, y de acuerdo al uso establecido en nuestra Pol\u00edtica de Privacidad, ser\u00e1n incorporados a un fichero automatizado, cuyo responsable es <strong><\/strong>. Esto garantiza que tus datos est\u00e1n seguros y protegidos conforme a la ley.<\/p><h3>NORMAS DE ACCESO AL SITIO WEB<\/h3><p>Como usuario de nuestra web, tambi\u00e9n tienes una serie de obligaciones:<\/p><ul><li>No podr\u00e1s utilizar este sitio web para actividades contrarias a las leyes, a la moral, al orden p\u00fablico ni para usos contrarios a lo expresado en este Aviso Legal.<\/li><li>No podr\u00e1s realizar actividades publicitarias o de explotaci\u00f3n comercial utilizando identidades falsas.<\/li><li>Ser\u00e1s el \u00fanico responsable de la veracidad y exactitud de los contenidos que introduzcas en esta web y de los datos personales que nos facilites con las finalidades previstas en nuestra Pol\u00edtica de Privacidad.<\/li><li>Tambi\u00e9n ser\u00e1s responsable de cualquier actuaci\u00f3n il\u00edcita, lesiva de derechos, nociva y\/o perjudicial en sitios de terceros a los que te podamos redirigir.<\/li><\/ul><p><strong><\/strong> podr\u00e1 interrumpir el servicio de la p\u00e1gina y resolver la relaci\u00f3n con el usuario si detecta un uso indebido de la web.<\/p><h3>PROPIEDAD INTELECTUAL E INDUSTRIAL<\/h3><p>La totalidad de este sitio web (texto, im\u00e1genes, marcas, gr\u00e1ficos, logotipos, botones, archivos de software, combinaciones de colores, as\u00ed como la estructura, selecci\u00f3n, ordenaci\u00f3n y presentaci\u00f3n de sus contenidos) se encuentra protegida por las leyes vigentes sobre Propiedad Intelectual e Industrial.<\/p><p>Queda prohibida su reproducci\u00f3n, distribuci\u00f3n, comunicaci\u00f3n p\u00fablica y transformaci\u00f3n, salvo para uso personal y privado.<\/p><p><strong><\/strong> no garantiza que los contenidos sean precisos o libres de error. El buen o mal uso de esta p\u00e1gina y de sus contenidos es responsabilidad del usuario.<\/p><h3>ENLACES O LINKS<\/h3><p>Este sitio web incluye enlaces a sitios de terceros. Estas p\u00e1ginas no han sido revisadas ni son objeto de controles por nuestra parte, por lo que <strong><\/strong> no ser\u00e1 responsable de los contenidos, pol\u00edticas de privacidad ni medidas adoptadas por estos terceros.<\/p><p>Te recomendamos leer detenidamente las condiciones de uso y pol\u00edticas de estos sitios antes de utilizarlos.<\/p><h3>ENLACES DE AFILIACI\u00d3N DE AMAZON<\/h3><p>Este sitio web utiliza enlaces de afiliado de Amazon. Esto significa que encontrar\u00e1s enlaces a productos de Amazon que podr\u00e1s adquirir bajo sus propias condiciones de uso.<\/p><h3>LIMITACI\u00d3N DE RESPONSABILIDAD<\/h3><p><strong><\/strong> no se hace responsable de:<\/p><ul><li>La calidad, velocidad y continuidad del servicio.<\/li><li>La existencia de virus, malware o programas maliciosos en los contenidos.<\/li><li>El uso il\u00edcito o negligente de la web.<\/li><li>La falta de licitud, calidad, fiabilidad o utilidad de los servicios proporcionados por terceros.<\/li><li>Los da\u00f1os que puedan derivarse del uso ilegal de esta web.<\/li><\/ul><h3>POL\u00cdTICA DE PRIVACIDAD Y PROTECCI\u00d3N DE DATOS<\/h3><p>Este sitio web cumple con la normativa vigente en materia de protecci\u00f3n de datos. Como usuario, deber\u00e1s dar tu consentimiento expreso antes de facilitar datos personales a trav\u00e9s de los formularios disponibles en la web. Toda la informaci\u00f3n al respecto est\u00e1 disponible en nuestra <strong>Pol\u00edtica de Privacidad<\/strong>.<\/p><h3>POL\u00cdTICA DE COOKIES<\/h3><p>Este sitio web utiliza cookies propias y de terceros. Puedes configurar tu navegador para rechazar el uso de cookies. Para m\u00e1s informaci\u00f3n, consulta nuestra <strong>Pol\u00edtica de Cookies<\/strong>.<\/p><h3>LEGISLACI\u00d3N APLICABLE Y JURISDICCI\u00d3N COMPETENTE<\/h3><p>El presente Aviso Legal se encuentra sometido a la legislaci\u00f3n espa\u00f1ola vigente. Cualquier controversia ser\u00e1 sometida a los Juzgados y Tribunales del domicilio del usuario. Si el usuario reside fuera de Espa\u00f1a, las partes se someter\u00e1n a los Juzgados y Tribunales de Barcelona (Espa\u00f1a).<\/p><p>Si tienes cualquier duda, puedes enviarnos un correo electr\u00f3nico a <strong><\/strong>.<\/p>\t\t\t\t\t\t\t\t<\/div>\n\t\t\t\t<\/div>\n\t\t\t\t\t<\/div>\n\t\t\t\t<\/div>\n\t\t\t\t<\/div>\n\t\t","protected":false},"excerpt":{"rendered":"<p>AVISO LEGAL AVISO LEGAL Este Aviso Legal tiene el objetivo de informarte de tus derechos y obligaciones como usuario de este sitio web. Aqu\u00ed encontrar\u00e1s toda la informaci\u00f3n que necesitas [&hellip;]<\/p>\n","protected":false},"author":2,"featured_media":0,"parent":0,"menu_order":0,"comment_status":"closed","ping_status":"closed","template":"elementor_header_footer","meta":{"_acf_changed":false,"inline_featured_image":false,"footnotes":""},"class_list":["post-57","page","type-page","status-publish","hentry"],"acf":[],"yoast_head":"<!-- This site is optimized with the Yoast SEO plugin v27.4 - https:\/\/yoast.com\/product\/yoast-seo-wordpress\/ -->\n<title>\u25b7Aviso legal - \u3010 Bcn Pro Tennis Academy \u3011<\/title>\n<meta name=\"description\" content=\"AVISO LEGAL AVISO LEGALEste Aviso Legal tiene el objetivo de informarte de tus derechos y obligaciones como usuario de este sitio web. Aqu\u00ed encontrar\u00e1s \u2713\" \/>\n<meta name=\"robots\" content=\"noindex, nofollow\" \/>\n<meta property=\"og:locale\" content=\"es_ES\" \/>\n<meta property=\"og:type\" content=\"article\" \/>\n<meta property=\"og:title\" content=\"\u25b7Aviso legal - \u3010 Bcn Pro Tennis Academy \u3011\" \/>\n<meta property=\"og:description\" content=\"AVISO LEGAL AVISO LEGALEste Aviso Legal tiene el objetivo de informarte de tus derechos y obligaciones como usuario de este sitio web. Aqu\u00ed encontrar\u00e1s \u2713\" \/>\n<meta property=\"og:url\" content=\"https:\/\/bcnprotennisacademy.com\/es\/aviso-legal\/\" \/>\n<meta property=\"og:site_name\" content=\"Bcn Pro Tennis Academy\" \/>\n<meta property=\"article:modified_time\" content=\"2025-06-26T15:10:43+00:00\" \/>\n<meta name=\"twitter:card\" content=\"summary_large_image\" \/>\n<meta name=\"twitter:label1\" content=\"Tiempo de lectura\" \/>\n\t<meta name=\"twitter:data1\" content=\"4 minutos\" \/>\n<script type=\"application\/ld+json\" class=\"yoast-schema-graph\">{\"@context\":\"https:\\\/\\\/schema.org\",\"@graph\":[{\"@type\":\"WebPage\",\"@id\":\"https:\\\/\\\/bcnprotennisacademy.com\\\/es\\\/aviso-legal\\\/\",\"url\":\"https:\\\/\\\/bcnprotennisacademy.com\\\/es\\\/aviso-legal\\\/\",\"name\":\"\u25b7Aviso legal - \u3010 Bcn Pro Tennis Academy \u3011\",\"isPartOf\":{\"@id\":\"https:\\\/\\\/bcnprotennisacademy.com\\\/es\\\/#website\"},\"datePublished\":\"2021-10-16T15:24:59+00:00\",\"dateModified\":\"2025-06-26T15:10:43+00:00\",\"description\":\"AVISO LEGAL AVISO LEGALEste Aviso Legal tiene el objetivo de informarte de tus derechos y obligaciones como usuario de este sitio web. Aqu\u00ed encontrar\u00e1s \u2713\",\"breadcrumb\":{\"@id\":\"https:\\\/\\\/bcnprotennisacademy.com\\\/es\\\/aviso-legal\\\/#breadcrumb\"},\"inLanguage\":\"es\",\"potentialAction\":[{\"@type\":\"ReadAction\",\"target\":[\"https:\\\/\\\/bcnprotennisacademy.com\\\/es\\\/aviso-legal\\\/\"]}]},{\"@type\":\"BreadcrumbList\",\"@id\":\"https:\\\/\\\/bcnprotennisacademy.com\\\/es\\\/aviso-legal\\\/#breadcrumb\",\"itemListElement\":[{\"@type\":\"ListItem\",\"position\":1,\"name\":\"Portada\",\"item\":\"https:\\\/\\\/bcnprotennisacademy.com\\\/es\\\/inicio\\\/\"},{\"@type\":\"ListItem\",\"position\":2,\"name\":\"Aviso legal\"}]},{\"@type\":\"WebSite\",\"@id\":\"https:\\\/\\\/bcnprotennisacademy.com\\\/es\\\/#website\",\"url\":\"https:\\\/\\\/bcnprotennisacademy.com\\\/es\\\/\",\"name\":\"Bcn Pro Tennis Academy\",\"description\":\"\u00a1El primer gran campus de la nueva academia ya est\u00e1 aqu\u00ed!\",\"publisher\":{\"@id\":\"https:\\\/\\\/bcnprotennisacademy.com\\\/es\\\/#organization\"},\"potentialAction\":[{\"@type\":\"SearchAction\",\"target\":{\"@type\":\"EntryPoint\",\"urlTemplate\":\"https:\\\/\\\/bcnprotennisacademy.com\\\/es\\\/?s={search_term_string}\"},\"query-input\":{\"@type\":\"PropertyValueSpecification\",\"valueRequired\":true,\"valueName\":\"search_term_string\"}}],\"inLanguage\":\"es\"},{\"@type\":\"Organization\",\"@id\":\"https:\\\/\\\/bcnprotennisacademy.com\\\/es\\\/#organization\",\"name\":\"Bcn Pro Tennis Academy\",\"url\":\"https:\\\/\\\/bcnprotennisacademy.com\\\/es\\\/\",\"logo\":{\"@type\":\"ImageObject\",\"inLanguage\":\"es\",\"@id\":\"https:\\\/\\\/bcnprotennisacademy.com\\\/es\\\/#\\\/schema\\\/logo\\\/image\\\/\",\"url\":\"https:\\\/\\\/bcnprotennisacademy.com\\\/wp-content\\\/uploads\\\/2021\\\/10\\\/Logo.svg\",\"contentUrl\":\"https:\\\/\\\/bcnprotennisacademy.com\\\/wp-content\\\/uploads\\\/2021\\\/10\\\/Logo.svg\",\"width\":197,\"height\":48,\"caption\":\"Bcn Pro Tennis Academy\"},\"image\":{\"@id\":\"https:\\\/\\\/bcnprotennisacademy.com\\\/es\\\/#\\\/schema\\\/logo\\\/image\\\/\"}}]}<\/script>\n<!-- \/ Yoast SEO plugin. -->","yoast_head_json":{"title":"\u25b7Aviso legal - \u3010 Bcn Pro Tennis Academy \u3011","description":"AVISO LEGAL AVISO LEGALEste Aviso Legal tiene el objetivo de informarte de tus derechos y obligaciones como usuario de este sitio web. Aqu\u00ed encontrar\u00e1s \u2713","robots":{"index":"noindex","follow":"nofollow"},"og_locale":"es_ES","og_type":"article","og_title":"\u25b7Aviso legal - \u3010 Bcn Pro Tennis Academy \u3011","og_description":"AVISO LEGAL AVISO LEGALEste Aviso Legal tiene el objetivo de informarte de tus derechos y obligaciones como usuario de este sitio web. Aqu\u00ed encontrar\u00e1s \u2713","og_url":"https:\/\/bcnprotennisacademy.com\/es\/aviso-legal\/","og_site_name":"Bcn Pro Tennis Academy","article_modified_time":"2025-06-26T15:10:43+00:00","twitter_card":"summary_large_image","twitter_misc":{"Tiempo de lectura":"4 minutos"},"schema":{"@context":"https:\/\/schema.org","@graph":[{"@type":"WebPage","@id":"https:\/\/bcnprotennisacademy.com\/es\/aviso-legal\/","url":"https:\/\/bcnprotennisacademy.com\/es\/aviso-legal\/","name":"\u25b7Aviso legal - \u3010 Bcn Pro Tennis Academy \u3011","isPartOf":{"@id":"https:\/\/bcnprotennisacademy.com\/es\/#website"},"datePublished":"2021-10-16T15:24:59+00:00","dateModified":"2025-06-26T15:10:43+00:00","description":"AVISO LEGAL AVISO LEGALEste Aviso Legal tiene el objetivo de informarte de tus derechos y obligaciones como usuario de este sitio web. Aqu\u00ed encontrar\u00e1s \u2713","breadcrumb":{"@id":"https:\/\/bcnprotennisacademy.com\/es\/aviso-legal\/#breadcrumb"},"inLanguage":"es","potentialAction":[{"@type":"ReadAction","target":["https:\/\/bcnprotennisacademy.com\/es\/aviso-legal\/"]}]},{"@type":"BreadcrumbList","@id":"https:\/\/bcnprotennisacademy.com\/es\/aviso-legal\/#breadcrumb","itemListElement":[{"@type":"ListItem","position":1,"name":"Portada","item":"https:\/\/bcnprotennisacademy.com\/es\/inicio\/"},{"@type":"ListItem","position":2,"name":"Aviso legal"}]},{"@type":"WebSite","@id":"https:\/\/bcnprotennisacademy.com\/es\/#website","url":"https:\/\/bcnprotennisacademy.com\/es\/","name":"Bcn Pro Tennis Academy","description":"\u00a1El primer gran campus de la nueva academia ya est\u00e1 aqu\u00ed!","publisher":{"@id":"https:\/\/bcnprotennisacademy.com\/es\/#organization"},"potentialAction":[{"@type":"SearchAction","target":{"@type":"EntryPoint","urlTemplate":"https:\/\/bcnprotennisacademy.com\/es\/?s={search_term_string}"},"query-input":{"@type":"PropertyValueSpecification","valueRequired":true,"valueName":"search_term_string"}}],"inLanguage":"es"},{"@type":"Organization","@id":"https:\/\/bcnprotennisacademy.com\/es\/#organization","name":"Bcn Pro Tennis Academy","url":"https:\/\/bcnprotennisacademy.com\/es\/","logo":{"@type":"ImageObject","inLanguage":"es","@id":"https:\/\/bcnprotennisacademy.com\/es\/#\/schema\/logo\/image\/","url":"https:\/\/bcnprotennisacademy.com\/wp-content\/uploads\/2021\/10\/Logo.svg","contentUrl":"https:\/\/bcnprotennisacademy.com\/wp-content\/uploads\/2021\/10\/Logo.svg","width":197,"height":48,"caption":"Bcn Pro Tennis Academy"},"image":{"@id":"https:\/\/bcnprotennisacademy.com\/es\/#\/schema\/logo\/image\/"}}]}},"_links":{"self":[{"href":"https:\/\/bcnprotennisacademy.com\/es\/wp-json\/wp\/v2\/pages\/57","targetHints":{"allow":["GET"]}}],"collection":[{"href":"https:\/\/bcnprotennisacademy.com\/es\/wp-json\/wp\/v2\/pages"}],"about":[{"href":"https:\/\/bcnprotennisacademy.com\/es\/wp-json\/wp\/v2\/types\/page"}],"author":[{"embeddable":true,"href":"https:\/\/bcnprotennisacademy.com\/es\/wp-json\/wp\/v2\/users\/2"}],"replies":[{"embeddable":true,"href":"https:\/\/bcnprotennisacademy.com\/es\/wp-json\/wp\/v2\/comments?post=57"}],"version-history":[{"count":0,"href":"https:\/\/bcnprotennisacademy.com\/es\/wp-json\/wp\/v2\/pages\/57\/revisions"}],"wp:attachment":[{"href":"https:\/\/bcnprotennisacademy.com\/es\/wp-json\/wp\/v2\/media?parent=57"}],"curies":[{"name":"wp","href":"https:\/\/api.w.org\/{rel}","templated":true}]}}