{"id":1803,"date":"2025-11-17T12:39:16","date_gmt":"2025-11-17T11:39:16","guid":{"rendered":"https:\/\/bcnprotennisacademy.com\/?page_id=1803"},"modified":"2025-11-17T17:57:48","modified_gmt":"2025-11-17T16:57:48","slug":"contact","status":"publish","type":"page","link":"https:\/\/bcnprotennisacademy.com\/es\/contact\/","title":{"rendered":"Contact"},"content":{"rendered":"\t\t<div data-elementor-type=\"wp-page\" data-elementor-id=\"1803\" class=\"elementor elementor-1803\" data-elementor-post-type=\"page\">\n\t\t\t\t<div class=\"elementor-element elementor-element-30cb2b1 e-con-full e-flex e-con e-parent\" data-id=\"30cb2b1\" data-element_type=\"container\" data-e-type=\"container\" data-settings=\"{&quot;background_background&quot;:&quot;classic&quot;}\">\n\t\t<div class=\"elementor-element elementor-element-99a60a9 e-flex e-con-boxed e-con e-child\" data-id=\"99a60a9\" data-element_type=\"container\" data-e-type=\"container\" data-settings=\"{&quot;background_background&quot;:&quot;classic&quot;}\">\n\t\t\t\t\t<div class=\"e-con-inner\">\n\t\t<div class=\"elementor-element elementor-element-2f2e2f0 e-con-full max-width e-flex e-con e-child\" data-id=\"2f2e2f0\" data-element_type=\"container\" data-e-type=\"container\">\n\t\t\t\t<div class=\"elementor-element elementor-element-2b4ffd3 elementor-widget__width-initial elementor-widget elementor-widget-heading\" data-id=\"2b4ffd3\" data-element_type=\"widget\" data-e-type=\"widget\" data-widget_type=\"heading.default\">\n\t\t\t\t<div class=\"elementor-widget-container\">\n\t\t\t\t\t<h2 class=\"elementor-heading-title elementor-size-default\">Programa.<br>\nMaster Pro Week<\/h2>\t\t\t\t<\/div>\n\t\t\t\t<\/div>\n\t\t<div class=\"elementor-element elementor-element-8d86351 e-con-full e-flex e-con e-child\" data-id=\"8d86351\" data-element_type=\"container\" data-e-type=\"container\">\n\t\t\t\t<div class=\"elementor-element elementor-element-c09ae0c elementor-widget elementor-widget-heading\" data-id=\"c09ae0c\" data-element_type=\"widget\" data-e-type=\"widget\" data-widget_type=\"heading.default\">\n\t\t\t\t<div class=\"elementor-widget-container\">\n\t\t\t\t\t<h5 class=\"elementor-heading-title elementor-size-default\"><b>1.600<\/b><\/h5>\t\t\t\t<\/div>\n\t\t\t\t<\/div>\n\t\t\t\t<div class=\"elementor-element elementor-element-8950e98 elementor-widget elementor-widget-heading\" data-id=\"8950e98\" data-element_type=\"widget\" data-e-type=\"widget\" data-widget_type=\"heading.default\">\n\t\t\t\t<div class=\"elementor-widget-container\">\n\t\t\t\t\t<h5 class=\"elementor-heading-title elementor-size-default\"><b>\u20ac\/semana<\/b> (sin alojamiento)<\/h5>\t\t\t\t<\/div>\n\t\t\t\t<\/div>\n\t\t\t\t<div class=\"elementor-element elementor-element-da08b12 elementor-widget elementor-widget-heading\" data-id=\"da08b12\" data-element_type=\"widget\" data-e-type=\"widget\" data-widget_type=\"heading.default\">\n\t\t\t\t<div class=\"elementor-widget-container\">\n\t\t\t\t\t<h5 class=\"elementor-heading-title elementor-size-default\">Interesados en alojamiento, preg\u00fantanos por correo, tel\u00e9fono o whatsapp las diferentes opciones y paquetes disponibles.<\/h5>\t\t\t\t<\/div>\n\t\t\t\t<\/div>\n\t\t\t\t<\/div>\n\t\t<div class=\"elementor-element elementor-element-49af2c3 e-con-full e-flex e-con e-child\" data-id=\"49af2c3\" data-element_type=\"container\" data-e-type=\"container\">\n\t\t\t\t<div class=\"elementor-element elementor-element-9610040 elementor-widget__width-initial elementor-widget-mobile__width-initial elementor-widget elementor-widget-heading\" data-id=\"9610040\" data-element_type=\"widget\" data-e-type=\"widget\" data-widget_type=\"heading.default\">\n\t\t\t\t<div class=\"elementor-widget-container\">\n\t\t\t\t\t<h2 class=\"elementor-heading-title elementor-size-default\">Por correo electr\u00f3nico<\/h2>\t\t\t\t<\/div>\n\t\t\t\t<\/div>\n\t\t\t\t<div class=\"elementor-element elementor-element-05e3bbb link_white elementor-icon-list--layout-traditional elementor-list-item-link-full_width elementor-widget elementor-widget-icon-list\" data-id=\"05e3bbb\" data-element_type=\"widget\" data-e-type=\"widget\" data-widget_type=\"icon-list.default\">\n\t\t\t\t<div class=\"elementor-widget-container\">\n\t\t\t\t\t\t\t<ul class=\"elementor-icon-list-items\">\n\t\t\t\t\t\t\t<li class=\"elementor-icon-list-item\">\n\t\t\t\t\t\t\t\t\t\t\t<a href=\"mailto:%20sales@bcnprotennisacademy.com\">\n\n\t\t\t\t\t\t\t\t\t\t\t\t<span class=\"elementor-icon-list-icon\">\n\t\t\t\t\t\t\t<svg xmlns=\"http:\/\/www.w3.org\/2000\/svg\" width=\"48\" height=\"48\" viewBox=\"0 0 48 48\" fill=\"none\"><rect x=\"0.5\" y=\"0.5\" width=\"47\" height=\"47\" rx=\"23.5\" stroke=\"white\"><\/rect><g clip-path=\"url(#clip0_6088_699)\"><path d=\"M34.613 20.367L27.311 13.372C26.427 12.488 25.251 12 24 12C22.749 12 21.573 12.487 20.697 13.364L13.387 20.367C12.505 21.211 12 22.396 12 23.616V31.5C12 33.981 14.019 36 16.5 36H31.5C33.981 36 36 33.981 36 31.5V23.616C36 22.396 35.495 21.211 34.613 20.367ZM14.078 21.089L21.396 14.079C22.091 13.384 23.016 13 24 13C24.984 13 25.908 13.383 26.611 14.086L33.922 21.089C33.997 21.161 34.068 21.236 34.136 21.314L26.475 28.975C25.153 30.297 22.848 30.297 21.526 28.975L13.864 21.314C13.932 21.236 14.003 21.161 14.078 21.089ZM35 31.5C35 33.43 33.43 35 31.5 35H16.5C14.57 35 13 33.43 13 31.5V23.616C13 23.117 13.109 22.625 13.312 22.175L20.819 29.682C21.669 30.532 22.798 31 24.001 31C25.204 31 26.333 30.532 27.183 29.682L34.69 22.175C34.893 22.625 35.002 23.116 35.002 23.616V31.5H35Z\" fill=\"white\"><\/path><\/g><defs><clipPath id=\"clip0_6088_699\"><rect width=\"24\" height=\"24\" fill=\"white\" transform=\"translate(12 12)\"><\/rect><\/clipPath><\/defs><\/svg>\t\t\t\t\t\t<\/span>\n\t\t\t\t\t\t\t\t\t\t<span class=\"elementor-icon-list-text\">sales@bcnprotennisacademy.com<\/span>\n\t\t\t\t\t\t\t\t\t\t\t<\/a>\n\t\t\t\t\t\t\t\t\t<\/li>\n\t\t\t\t\t\t<\/ul>\n\t\t\t\t\t\t<\/div>\n\t\t\t\t<\/div>\n\t\t\t\t<\/div>\n\t\t<div class=\"elementor-element elementor-element-b5ed7c4 e-con-full e-flex e-con e-child\" data-id=\"b5ed7c4\" data-element_type=\"container\" data-e-type=\"container\">\n\t\t\t\t<div class=\"elementor-element elementor-element-f625f28 elementor-widget__width-initial elementor-widget-mobile__width-initial elementor-widget elementor-widget-heading\" data-id=\"f625f28\" data-element_type=\"widget\" data-e-type=\"widget\" data-widget_type=\"heading.default\">\n\t\t\t\t<div class=\"elementor-widget-container\">\n\t\t\t\t\t<h2 class=\"elementor-heading-title elementor-size-default\">Por whatsapp o tel\u00e9fono<\/h2>\t\t\t\t<\/div>\n\t\t\t\t<\/div>\n\t\t\t\t<div class=\"elementor-element elementor-element-7bb7b07 link_white elementor-icon-list--layout-traditional elementor-list-item-link-full_width elementor-widget elementor-widget-icon-list\" data-id=\"7bb7b07\" data-element_type=\"widget\" data-e-type=\"widget\" data-widget_type=\"icon-list.default\">\n\t\t\t\t<div class=\"elementor-widget-container\">\n\t\t\t\t\t\t\t<ul class=\"elementor-icon-list-items\">\n\t\t\t\t\t\t\t<li class=\"elementor-icon-list-item\">\n\t\t\t\t\t\t\t\t\t\t\t<a href=\"tel:+34688133533\">\n\n\t\t\t\t\t\t\t\t\t\t\t\t<span class=\"elementor-icon-list-icon\">\n\t\t\t\t\t\t\t<svg xmlns=\"http:\/\/www.w3.org\/2000\/svg\" width=\"84\" height=\"48\" viewBox=\"0 0 84 48\" fill=\"none\"><rect x=\"0.5\" y=\"0.5\" width=\"47\" height=\"47\" rx=\"23.5\" stroke=\"white\"><\/rect><g clip-path=\"url(#clip0_6088_705)\"><path d=\"M35.5 23C35.224 23 35 22.776 35 22.5C35 17.262 30.738 13 25.5 13C25.224 13 25 12.776 25 12.5C25 12.224 25.224 12 25.5 12C31.29 12 36 16.71 36 22.5C36 22.776 35.776 23 35.5 23ZM32 22.5C32 18.916 29.084 16 25.5 16C25.224 16 25 16.224 25 16.5C25 16.776 25.224 17 25.5 17C28.533 17 31 19.467 31 22.5C31 22.776 31.224 23 31.5 23C31.776 23 32 22.776 32 22.5ZM34.234 34.271L35.212 33.146C35.72 32.638 36 31.962 36 31.244C36 30.526 35.72 29.849 35.163 29.299L32.717 27.426C31.669 26.378 29.964 26.377 28.914 27.423L27.382 28.917C23.702 27.418 20.704 24.417 19.088 20.614L20.576 19.089C21.625 18.04 21.625 16.333 20.619 15.333L18.66 12.79C17.643 11.773 15.847 11.797 14.88 12.767L13.706 13.791C12.605 14.886 12 16.373 12 17.976C12 25.725 22.275 36 30.024 36C31.627 36 33.113 35.395 34.234 34.271ZM17.909 13.446L19.868 15.989C20.527 16.648 20.527 17.721 19.864 18.385L18.142 20.151C18.004 20.293 17.962 20.503 18.036 20.687C19.765 24.992 23.149 28.375 27.322 29.967C27.504 30.037 27.71 29.994 27.849 29.859L29.615 28.137C29.615 28.137 29.618 28.134 29.619 28.132C30.258 27.492 31.323 27.451 32.059 28.175L34.505 30.048C35.164 30.707 35.164 31.779 34.482 32.464L33.503 33.589C32.595 34.499 31.359 35 30.024 35C22.864 35 13 25.136 13 17.976C13 16.641 13.501 15.405 14.387 14.52L15.562 13.495C15.898 13.159 16.341 12.995 16.777 12.995C17.196 12.995 17.608 13.147 17.91 13.447L17.909 13.446Z\" fill=\"white\"><\/path><\/g><rect x=\"36\" width=\"48\" height=\"48\" rx=\"24\" fill=\"#25D366\"><\/rect><g clip-path=\"url(#clip1_6088_705)\"><path fill-rule=\"evenodd\" clip-rule=\"evenodd\" d=\"M68.5042 15.488C66.2474 13.24 63.2471 12.001 60.0507 12C53.4642 12 48.1035 17.334 48.1005 23.892C48.0995 25.988 48.6501 28.034 49.6961 29.838L48 36L54.3344 34.346C56.0797 35.294 58.0451 35.793 60.0447 35.794H60.0497C66.6353 35.794 71.997 30.459 72 23.901C72.002 20.724 70.7601 17.735 68.5042 15.488ZM60.0507 33.785H60.0467C58.2642 33.785 56.5168 33.308 54.9915 32.407L54.6288 32.193L50.8698 33.174L51.8736 29.526L51.6374 29.152C50.6427 27.578 50.1181 25.759 50.1192 23.892C50.1212 18.442 54.5775 14.008 60.0558 14.008C62.7085 14.008 65.2024 15.038 67.0774 16.906C68.9524 18.775 69.9843 21.258 69.9833 23.899C69.9803 29.351 65.525 33.785 60.0507 33.785ZM65.4988 26.382C65.2004 26.233 63.7324 25.514 63.4581 25.415C63.1848 25.316 62.9858 25.266 62.7858 25.563C62.5859 25.86 62.0152 26.53 61.8403 26.729C61.6665 26.927 61.4916 26.952 61.1932 26.803C60.8948 26.654 59.9322 26.341 58.7917 25.328C57.9045 24.54 57.3046 23.567 57.1308 23.269C56.9569 22.971 57.1127 22.811 57.2614 22.663C57.396 22.53 57.5598 22.316 57.7095 22.142C57.8602 21.97 57.9095 21.846 58.01 21.647C58.1094 21.449 58.0602 21.275 57.9848 21.126C57.9095 20.978 57.3126 19.515 57.0644 18.92C56.8223 18.34 56.5761 18.419 56.3922 18.41C56.2184 18.401 56.0194 18.4 55.8195 18.4C55.6205 18.4 55.297 18.474 55.0237 18.772C54.7503 19.07 53.9786 19.789 53.9786 21.251C53.9786 22.714 55.0488 24.127 55.1975 24.325C55.3462 24.523 57.3026 27.525 60.2979 28.812C61.0103 29.118 61.567 29.301 62.0001 29.438C62.7155 29.664 63.3666 29.632 63.8811 29.556C64.4548 29.471 65.6476 28.837 65.8968 28.143C66.1459 27.449 66.1459 26.853 66.0706 26.73C65.9962 26.605 65.7973 26.531 65.4988 26.382Z\" fill=\"white\"><\/path><\/g><defs><clipPath id=\"clip0_6088_705\"><rect width=\"24\" height=\"24\" fill=\"white\" transform=\"translate(12 12)\"><\/rect><\/clipPath><clipPath id=\"clip1_6088_705\"><rect width=\"24\" height=\"24\" fill=\"white\" transform=\"translate(48 12)\"><\/rect><\/clipPath><\/defs><\/svg>\t\t\t\t\t\t<\/span>\n\t\t\t\t\t\t\t\t\t\t<span class=\"elementor-icon-list-text\">(+34) 688 113 533<\/span>\n\t\t\t\t\t\t\t\t\t\t\t<\/a>\n\t\t\t\t\t\t\t\t\t<\/li>\n\t\t\t\t\t\t<\/ul>\n\t\t\t\t\t\t<\/div>\n\t\t\t\t<\/div>\n\t\t\t\t<\/div>\n\t\t\t\t<\/div>\n\t\t\t\t\t<\/div>\n\t\t\t\t<\/div>\n\t\t<div class=\"elementor-element elementor-element-ec0b0ac e-flex e-con-boxed e-con e-child\" data-id=\"ec0b0ac\" data-element_type=\"container\" data-e-type=\"container\" data-settings=\"{&quot;background_background&quot;:&quot;classic&quot;}\">\n\t\t\t\t\t<div class=\"e-con-inner\">\n\t\t<div class=\"elementor-element elementor-element-8682942 e-con-full max-width e-flex e-con e-child\" data-id=\"8682942\" data-element_type=\"container\" data-e-type=\"container\">\n\t\t\t\t<div class=\"elementor-element elementor-element-d74b5cb elementor-button-align-stretch elementor-widget elementor-widget-form\" data-id=\"d74b5cb\" data-element_type=\"widget\" data-e-type=\"widget\" data-settings=\"{&quot;step_next_label&quot;:&quot;Siguiente&quot;,&quot;step_previous_label&quot;:&quot;Anterior&quot;,&quot;button_width&quot;:&quot;100&quot;,&quot;step_type&quot;:&quot;number_text&quot;,&quot;step_icon_shape&quot;:&quot;circle&quot;}\" data-widget_type=\"form.default\">\n\t\t\t\t<div class=\"elementor-widget-container\">\n\t\t\t\t\t\t\t<form class=\"elementor-form\" method=\"post\" name=\"Nuevo formulario\" aria-label=\"Nuevo formulario\">\n\t\t\t<input type=\"hidden\" name=\"post_id\" value=\"1803\"\/>\n\t\t\t<input type=\"hidden\" name=\"form_id\" value=\"d74b5cb\"\/>\n\t\t\t<input type=\"hidden\" name=\"referer_title\" value=\"\u25b7Contact - \u3010 Bcn Pro Tennis Academy \u3011\" \/>\n\n\t\t\t\t\t\t\t<input type=\"hidden\" name=\"queried_id\" value=\"1803\"\/>\n\t\t\t\n\t\t\t<div class=\"elementor-form-fields-wrapper elementor-labels-\">\n\t\t\t\t\t\t\t\t<div class=\"elementor-field-type-text elementor-field-group elementor-column elementor-field-group-name elementor-col-100\">\n\t\t\t\t\t\t\t\t\t\t\t\t<label for=\"form-field-name\" class=\"elementor-field-label elementor-screen-only\">\n\t\t\t\t\t\t\t\tNombre\t\t\t\t\t\t\t<\/label>\n\t\t\t\t\t\t\t\t\t\t\t\t\t\t<input size=\"1\" type=\"text\" name=\"form_fields[name]\" id=\"form-field-name\" class=\"elementor-field elementor-size-sm  elementor-field-textual\" placeholder=\"Nombre\">\n\t\t\t\t\t\t\t\t\t\t\t<\/div>\n\t\t\t\t\t\t\t\t<div class=\"elementor-field-type-text elementor-field-group elementor-column elementor-field-group-lastname elementor-col-100\">\n\t\t\t\t\t\t\t\t\t\t\t\t<label for=\"form-field-lastname\" class=\"elementor-field-label elementor-screen-only\">\n\t\t\t\t\t\t\t\tApellido\t\t\t\t\t\t\t<\/label>\n\t\t\t\t\t\t\t\t\t\t\t\t\t\t<input size=\"1\" type=\"text\" name=\"form_fields[lastname]\" id=\"form-field-lastname\" class=\"elementor-field elementor-size-sm  elementor-field-textual\" placeholder=\"Apellido\">\n\t\t\t\t\t\t\t\t\t\t\t<\/div>\n\t\t\t\t\t\t\t\t<div class=\"elementor-field-type-text elementor-field-group elementor-column elementor-field-group-age elementor-col-100\">\n\t\t\t\t\t\t\t\t\t\t\t\t<label for=\"form-field-age\" class=\"elementor-field-label elementor-screen-only\">\n\t\t\t\t\t\t\t\tEdad\t\t\t\t\t\t\t<\/label>\n\t\t\t\t\t\t\t\t\t\t\t\t\t\t<input size=\"1\" type=\"text\" name=\"form_fields[age]\" id=\"form-field-age\" class=\"elementor-field elementor-size-sm  elementor-field-textual\" placeholder=\"Edad\">\n\t\t\t\t\t\t\t\t\t\t\t<\/div>\n\t\t\t\t\t\t\t\t<div class=\"elementor-field-type-email elementor-field-group elementor-column elementor-field-group-email elementor-col-100 elementor-field-required\">\n\t\t\t\t\t\t\t\t\t\t\t\t<label for=\"form-field-email\" class=\"elementor-field-label elementor-screen-only\">\n\t\t\t\t\t\t\t\tCorreo electr\u00f3nico\t\t\t\t\t\t\t<\/label>\n\t\t\t\t\t\t\t\t\t\t\t\t\t\t<input size=\"1\" type=\"email\" name=\"form_fields[email]\" id=\"form-field-email\" class=\"elementor-field elementor-size-sm  elementor-field-textual\" placeholder=\"Correo electr\u00f3nico\" required=\"required\">\n\t\t\t\t\t\t\t\t\t\t\t<\/div>\n\t\t\t\t\t\t\t\t<div class=\"elementor-field-type-text elementor-field-group elementor-column elementor-field-group-tel elementor-col-100\">\n\t\t\t\t\t\t\t\t\t\t\t\t<label for=\"form-field-tel\" class=\"elementor-field-label elementor-screen-only\">\n\t\t\t\t\t\t\t\tTel\u00e9fono\t\t\t\t\t\t\t<\/label>\n\t\t\t\t\t\t\t\t\t\t\t\t\t\t<input size=\"1\" type=\"text\" name=\"form_fields[tel]\" id=\"form-field-tel\" class=\"elementor-field elementor-size-sm  elementor-field-textual\" placeholder=\"Tel\u00e9fono\">\n\t\t\t\t\t\t\t\t\t\t\t<\/div>\n\t\t\t\t\t\t\t\t<div class=\"elementor-field-type-textarea elementor-field-group elementor-column elementor-field-group-message elementor-col-100\">\n\t\t\t\t\t\t\t\t\t\t\t\t<label for=\"form-field-message\" class=\"elementor-field-label elementor-screen-only\">\n\t\t\t\t\t\t\t\tMensaje\t\t\t\t\t\t\t<\/label>\n\t\t\t\t\t\t<textarea class=\"elementor-field-textual elementor-field  elementor-size-sm\" name=\"form_fields[message]\" id=\"form-field-message\" rows=\"4\" placeholder=\"Mensaje\"><\/textarea>\t\t\t\t<\/div>\n\t\t\t\t\t\t\t\t<div class=\"elementor-field-group elementor-column elementor-field-type-submit elementor-col-100 e-form__buttons\">\n\t\t\t\t\t<button class=\"elementor-button elementor-size-sm\" type=\"submit\">\n\t\t\t\t\t\t<span class=\"elementor-button-content-wrapper\">\n\t\t\t\t\t\t\t\t\t\t\t\t\t\t\t\t\t\t\t\t\t\t<span class=\"elementor-button-text\">Enviar<\/span>\n\t\t\t\t\t\t\t\t\t\t\t\t\t<\/span>\n\t\t\t\t\t<\/button>\n\t\t\t\t<\/div>\n\t\t\t<\/div>\n\t\t<\/form>\n\t\t\t\t\t\t<\/div>\n\t\t\t\t<\/div>\n\t\t\t\t<\/div>\n\t\t\t\t\t<\/div>\n\t\t\t\t<\/div>\n\t\t\t\t<\/div>\n\t\t\t\t<\/div>\n\t\t","protected":false},"excerpt":{"rendered":"<p>Programa. Master Pro Week 1.600 \u20ac\/semana (sin alojamiento) Interesados en alojamiento, preg\u00fantanos por correo, tel\u00e9fono o whatsapp las diferentes opciones y paquetes disponibles. Por correo electr\u00f3nico sales@bcnprotennisacademy.com Por whatsapp o [&hellip;]<\/p>\n","protected":false},"author":2,"featured_media":0,"parent":0,"menu_order":0,"comment_status":"closed","ping_status":"closed","template":"","meta":{"_acf_changed":false,"inline_featured_image":false,"footnotes":""},"class_list":["post-1803","page","type-page","status-publish","hentry"],"acf":[],"yoast_head":"<!-- This site is optimized with the Yoast SEO plugin v27.4 - https:\/\/yoast.com\/product\/yoast-seo-wordpress\/ -->\n<title>\u25b7Contact - \u3010 Bcn Pro Tennis Academy \u3011<\/title>\n<meta name=\"description\" content=\"Programa. Master Pro Week 1.600 \u20ac\/semana (sin alojamiento) Interesados en alojamiento, preg\u00fantanos por correo, tel\u00e9fono o whatsapp las diferentes opciones \u2713\" \/>\n<meta name=\"robots\" content=\"index, follow, max-snippet:-1, max-image-preview:large, max-video-preview:-1\" \/>\n<link rel=\"canonical\" href=\"https:\/\/bcnprotennisacademy.com\/es\/contact\/\" \/>\n<meta property=\"og:locale\" content=\"es_ES\" \/>\n<meta property=\"og:type\" content=\"article\" \/>\n<meta property=\"og:title\" content=\"\u25b7Contact - \u3010 Bcn Pro Tennis Academy \u3011\" \/>\n<meta property=\"og:description\" content=\"Programa. Master Pro Week 1.600 \u20ac\/semana (sin alojamiento) Interesados en alojamiento, preg\u00fantanos por correo, tel\u00e9fono o whatsapp las diferentes opciones \u2713\" \/>\n<meta property=\"og:url\" content=\"https:\/\/bcnprotennisacademy.com\/es\/contact\/\" \/>\n<meta property=\"og:site_name\" content=\"Bcn Pro Tennis Academy\" \/>\n<meta property=\"article:modified_time\" content=\"2025-11-17T16:57:48+00:00\" \/>\n<meta name=\"twitter:card\" content=\"summary_large_image\" \/>\n<meta name=\"twitter:label1\" content=\"Tiempo de lectura\" \/>\n\t<meta name=\"twitter:data1\" content=\"1 minuto\" \/>\n<script type=\"application\/ld+json\" class=\"yoast-schema-graph\">{\"@context\":\"https:\\\/\\\/schema.org\",\"@graph\":[{\"@type\":\"WebPage\",\"@id\":\"https:\\\/\\\/bcnprotennisacademy.com\\\/es\\\/contact\\\/\",\"url\":\"https:\\\/\\\/bcnprotennisacademy.com\\\/es\\\/contact\\\/\",\"name\":\"\u25b7Contact - \u3010 Bcn Pro Tennis Academy \u3011\",\"isPartOf\":{\"@id\":\"https:\\\/\\\/bcnprotennisacademy.com\\\/es\\\/#website\"},\"datePublished\":\"2025-11-17T11:39:16+00:00\",\"dateModified\":\"2025-11-17T16:57:48+00:00\",\"description\":\"Programa. Master Pro Week 1.600 \u20ac\\\/semana (sin alojamiento) Interesados en alojamiento, preg\u00fantanos por correo, tel\u00e9fono o whatsapp las diferentes opciones \u2713\",\"breadcrumb\":{\"@id\":\"https:\\\/\\\/bcnprotennisacademy.com\\\/es\\\/contact\\\/#breadcrumb\"},\"inLanguage\":\"es\",\"potentialAction\":[{\"@type\":\"ReadAction\",\"target\":[\"https:\\\/\\\/bcnprotennisacademy.com\\\/es\\\/contact\\\/\"]}]},{\"@type\":\"BreadcrumbList\",\"@id\":\"https:\\\/\\\/bcnprotennisacademy.com\\\/es\\\/contact\\\/#breadcrumb\",\"itemListElement\":[{\"@type\":\"ListItem\",\"position\":1,\"name\":\"Portada\",\"item\":\"https:\\\/\\\/bcnprotennisacademy.com\\\/es\\\/inicio\\\/\"},{\"@type\":\"ListItem\",\"position\":2,\"name\":\"Contact\"}]},{\"@type\":\"WebSite\",\"@id\":\"https:\\\/\\\/bcnprotennisacademy.com\\\/es\\\/#website\",\"url\":\"https:\\\/\\\/bcnprotennisacademy.com\\\/es\\\/\",\"name\":\"Bcn Pro Tennis Academy\",\"description\":\"\u00a1El primer gran campus de la nueva academia ya est\u00e1 aqu\u00ed!\",\"publisher\":{\"@id\":\"https:\\\/\\\/bcnprotennisacademy.com\\\/es\\\/#organization\"},\"potentialAction\":[{\"@type\":\"SearchAction\",\"target\":{\"@type\":\"EntryPoint\",\"urlTemplate\":\"https:\\\/\\\/bcnprotennisacademy.com\\\/es\\\/?s={search_term_string}\"},\"query-input\":{\"@type\":\"PropertyValueSpecification\",\"valueRequired\":true,\"valueName\":\"search_term_string\"}}],\"inLanguage\":\"es\"},{\"@type\":\"Organization\",\"@id\":\"https:\\\/\\\/bcnprotennisacademy.com\\\/es\\\/#organization\",\"name\":\"Bcn Pro Tennis Academy\",\"url\":\"https:\\\/\\\/bcnprotennisacademy.com\\\/es\\\/\",\"logo\":{\"@type\":\"ImageObject\",\"inLanguage\":\"es\",\"@id\":\"https:\\\/\\\/bcnprotennisacademy.com\\\/es\\\/#\\\/schema\\\/logo\\\/image\\\/\",\"url\":\"https:\\\/\\\/bcnprotennisacademy.com\\\/wp-content\\\/uploads\\\/2021\\\/10\\\/Logo.svg\",\"contentUrl\":\"https:\\\/\\\/bcnprotennisacademy.com\\\/wp-content\\\/uploads\\\/2021\\\/10\\\/Logo.svg\",\"width\":197,\"height\":48,\"caption\":\"Bcn Pro Tennis Academy\"},\"image\":{\"@id\":\"https:\\\/\\\/bcnprotennisacademy.com\\\/es\\\/#\\\/schema\\\/logo\\\/image\\\/\"}}]}<\/script>\n<!-- \/ Yoast SEO plugin. -->","yoast_head_json":{"title":"\u25b7Contact - \u3010 Bcn Pro Tennis Academy \u3011","description":"Programa. Master Pro Week 1.600 \u20ac\/semana (sin alojamiento) Interesados en alojamiento, preg\u00fantanos por correo, tel\u00e9fono o whatsapp las diferentes opciones \u2713","robots":{"index":"index","follow":"follow","max-snippet":"max-snippet:-1","max-image-preview":"max-image-preview:large","max-video-preview":"max-video-preview:-1"},"canonical":"https:\/\/bcnprotennisacademy.com\/es\/contact\/","og_locale":"es_ES","og_type":"article","og_title":"\u25b7Contact - \u3010 Bcn Pro Tennis Academy \u3011","og_description":"Programa. Master Pro Week 1.600 \u20ac\/semana (sin alojamiento) Interesados en alojamiento, preg\u00fantanos por correo, tel\u00e9fono o whatsapp las diferentes opciones \u2713","og_url":"https:\/\/bcnprotennisacademy.com\/es\/contact\/","og_site_name":"Bcn Pro Tennis Academy","article_modified_time":"2025-11-17T16:57:48+00:00","twitter_card":"summary_large_image","twitter_misc":{"Tiempo de lectura":"1 minuto"},"schema":{"@context":"https:\/\/schema.org","@graph":[{"@type":"WebPage","@id":"https:\/\/bcnprotennisacademy.com\/es\/contact\/","url":"https:\/\/bcnprotennisacademy.com\/es\/contact\/","name":"\u25b7Contact - \u3010 Bcn Pro Tennis Academy \u3011","isPartOf":{"@id":"https:\/\/bcnprotennisacademy.com\/es\/#website"},"datePublished":"2025-11-17T11:39:16+00:00","dateModified":"2025-11-17T16:57:48+00:00","description":"Programa. Master Pro Week 1.600 \u20ac\/semana (sin alojamiento) Interesados en alojamiento, preg\u00fantanos por correo, tel\u00e9fono o whatsapp las diferentes opciones \u2713","breadcrumb":{"@id":"https:\/\/bcnprotennisacademy.com\/es\/contact\/#breadcrumb"},"inLanguage":"es","potentialAction":[{"@type":"ReadAction","target":["https:\/\/bcnprotennisacademy.com\/es\/contact\/"]}]},{"@type":"BreadcrumbList","@id":"https:\/\/bcnprotennisacademy.com\/es\/contact\/#breadcrumb","itemListElement":[{"@type":"ListItem","position":1,"name":"Portada","item":"https:\/\/bcnprotennisacademy.com\/es\/inicio\/"},{"@type":"ListItem","position":2,"name":"Contact"}]},{"@type":"WebSite","@id":"https:\/\/bcnprotennisacademy.com\/es\/#website","url":"https:\/\/bcnprotennisacademy.com\/es\/","name":"Bcn Pro Tennis Academy","description":"\u00a1El primer gran campus de la nueva academia ya est\u00e1 aqu\u00ed!","publisher":{"@id":"https:\/\/bcnprotennisacademy.com\/es\/#organization"},"potentialAction":[{"@type":"SearchAction","target":{"@type":"EntryPoint","urlTemplate":"https:\/\/bcnprotennisacademy.com\/es\/?s={search_term_string}"},"query-input":{"@type":"PropertyValueSpecification","valueRequired":true,"valueName":"search_term_string"}}],"inLanguage":"es"},{"@type":"Organization","@id":"https:\/\/bcnprotennisacademy.com\/es\/#organization","name":"Bcn Pro Tennis Academy","url":"https:\/\/bcnprotennisacademy.com\/es\/","logo":{"@type":"ImageObject","inLanguage":"es","@id":"https:\/\/bcnprotennisacademy.com\/es\/#\/schema\/logo\/image\/","url":"https:\/\/bcnprotennisacademy.com\/wp-content\/uploads\/2021\/10\/Logo.svg","contentUrl":"https:\/\/bcnprotennisacademy.com\/wp-content\/uploads\/2021\/10\/Logo.svg","width":197,"height":48,"caption":"Bcn Pro Tennis Academy"},"image":{"@id":"https:\/\/bcnprotennisacademy.com\/es\/#\/schema\/logo\/image\/"}}]}},"_links":{"self":[{"href":"https:\/\/bcnprotennisacademy.com\/es\/wp-json\/wp\/v2\/pages\/1803","targetHints":{"allow":["GET"]}}],"collection":[{"href":"https:\/\/bcnprotennisacademy.com\/es\/wp-json\/wp\/v2\/pages"}],"about":[{"href":"https:\/\/bcnprotennisacademy.com\/es\/wp-json\/wp\/v2\/types\/page"}],"author":[{"embeddable":true,"href":"https:\/\/bcnprotennisacademy.com\/es\/wp-json\/wp\/v2\/users\/2"}],"replies":[{"embeddable":true,"href":"https:\/\/bcnprotennisacademy.com\/es\/wp-json\/wp\/v2\/comments?post=1803"}],"version-history":[{"count":5,"href":"https:\/\/bcnprotennisacademy.com\/es\/wp-json\/wp\/v2\/pages\/1803\/revisions"}],"predecessor-version":[{"id":2067,"href":"https:\/\/bcnprotennisacademy.com\/es\/wp-json\/wp\/v2\/pages\/1803\/revisions\/2067"}],"wp:attachment":[{"href":"https:\/\/bcnprotennisacademy.com\/es\/wp-json\/wp\/v2\/media?parent=1803"}],"curies":[{"name":"wp","href":"https:\/\/api.w.org\/{rel}","templated":true}]}}